{"id":2918,"date":"2024-06-05T10:16:28","date_gmt":"2024-06-05T10:16:28","guid":{"rendered":"https:\/\/joaoaso.com\/sobre\/"},"modified":"2026-03-16T09:56:43","modified_gmt":"2026-03-16T09:56:43","slug":"sobre","status":"publish","type":"page","link":"https:\/\/joaoaso.com\/pt-pt\/sobre\/","title":{"rendered":"Sobre"},"content":{"rendered":"\t\t<div data-elementor-type=\"wp-page\" data-elementor-id=\"2918\" class=\"elementor elementor-2918 elementor-327\">\n\t\t\t\t<div class=\"elementor-element elementor-element-3c577cab e-flex e-con-boxed e-con e-parent\" data-id=\"3c577cab\" data-element_type=\"container\" data-e-type=\"container\" data-settings=\"{&quot;background_background&quot;:&quot;classic&quot;}\">\n\t\t\t\t\t<div class=\"e-con-inner\">\n\t\t<div class=\"elementor-element elementor-element-3e8d7abc e-flex e-con-boxed e-con e-child\" data-id=\"3e8d7abc\" data-element_type=\"container\" data-e-type=\"container\">\n\t\t\t\t\t<div class=\"e-con-inner\">\n\t\t\t\t<div class=\"elementor-element elementor-element-2b9f36df elementor-widget elementor-widget-qi_addons_for_elementor_animated_text\" data-id=\"2b9f36df\" data-element_type=\"widget\" data-e-type=\"widget\" data-widget_type=\"qi_addons_for_elementor_animated_text.default\">\n\t\t\t\t<div class=\"elementor-widget-container\">\n\t\t\t\t\t<div class=\"qodef-shortcode qodef-m qodef-qi-animated-text qodef--animated-by-letter qodef--alignment-left qodef-qi--has-appear qodef--appear-from-right\" >\n\t\t<h1 class=\"qodef-m-title\">\n\t\t<span class=\"qodef-e-word-holder\">Sobre<\/span>\t<\/h1>\n<\/div>\n\t\t\t\t<\/div>\n\t\t\t\t<\/div>\n\t\t\t\t<div class=\"elementor-element elementor-element-69d2ecf6 animated-slow elementor-invisible elementor-widget elementor-widget-heading\" data-id=\"69d2ecf6\" data-element_type=\"widget\" data-e-type=\"widget\" data-settings=\"{&quot;_animation&quot;:&quot;fadeIn&quot;,&quot;_animation_delay&quot;:&quot;500&quot;}\" data-widget_type=\"heading.default\">\n\t\t\t\t\t<h2 class=\"elementor-heading-title elementor-size-default\">Onde a Qualidade Toca o C\u00e9u<\/h2>\t\t\t\t<\/div>\n\t\t\t\t\t<\/div>\n\t\t\t\t<\/div>\n\t\t\t\t\t<\/div>\n\t\t\t\t<\/div>\n\t\t<div class=\"elementor-element elementor-element-17e8f68f e-con-full e-flex e-con e-parent\" data-id=\"17e8f68f\" data-element_type=\"container\" data-e-type=\"container\">\n\t\t<div class=\"elementor-element elementor-element-1d48c96f e-con-full e-flex e-con e-child\" data-id=\"1d48c96f\" data-element_type=\"container\" data-e-type=\"container\">\n\t\t\t\t<div class=\"elementor-element elementor-element-1fa6e99 elementor-widget elementor-widget-qi_addons_for_elementor_animated_text\" data-id=\"1fa6e99\" data-element_type=\"widget\" data-e-type=\"widget\" data-widget_type=\"qi_addons_for_elementor_animated_text.default\">\n\t\t\t\t<div class=\"elementor-widget-container\">\n\t\t\t\t\t<div class=\"qodef-shortcode qodef-m qodef-qi-animated-text qodef--alignment-left qodef-qi--has-appear qodef--appear-from-bottom\" >\n\t\t<h2 class=\"qodef-m-title\">\n\t\tJo\u00e3o Oliveira \u2013 Private Advisor\t<\/h2>\n<\/div>\n\t\t\t\t<\/div>\n\t\t\t\t<\/div>\n\t\t\t\t<div class=\"elementor-element elementor-element-8a76b81 elementor-widget elementor-widget-qi_addons_for_elementor_animated_text\" data-id=\"8a76b81\" data-element_type=\"widget\" data-e-type=\"widget\" data-widget_type=\"qi_addons_for_elementor_animated_text.default\">\n\t\t\t\t<div class=\"elementor-widget-container\">\n\t\t\t\t\t<div class=\"qodef-shortcode qodef-m qodef-qi-animated-text qodef--alignment-left qodef-qi--has-appear qodef--appear-from-bottom\" >\n\t\t<h4 class=\"qodef-m-title\">\n\t\tAconselhamento Privado para L\u00edderes, Investidores e Fam\u00edlias de Elevado Patrim\u00f3nio.<br><br>\t<\/h4>\n<\/div>\n\t\t\t\t<\/div>\n\t\t\t\t<\/div>\n\t\t\t\t<div class=\"elementor-element elementor-element-22561f1d elementor-widget elementor-widget-text-editor\" data-id=\"22561f1d\" data-element_type=\"widget\" data-e-type=\"widget\" data-widget_type=\"text-editor.default\">\n\t\t\t\t\t\t\t\t\t<p data-start=\"1380\" data-end=\"1678\">Jo\u00e3o Oliveira presta Private &amp; Strategic Advisory a empreendedores, investidores e fam\u00edlias de elevado patrim\u00f3nio. Com experi\u00eancia internacional em gest\u00e3o, investimento e aconselhamento privado, apoia os clientes na tomada de decis\u00f5es cr\u00edticas, na prote\u00e7\u00e3o do patrim\u00f3nio e na constru\u00e7\u00e3o de legados duradouros. <\/p><p data-start=\"1680\" data-end=\"1940\">A sua abordagem de<strong data-start=\"1684\" data-end=\"1704\"> Private Advisory<\/strong> assenta <strong data-start=\"1726\" data-end=\"1749\">na m\u00e1xima discri\u00e7\u00e3o, numa an\u00e1lise estrat\u00e9gica rigorosa e no acesso a uma rede internacional de oportunidades e parceiros<\/strong>, sustentando decis\u00f5es que moldam empresas e patrim\u00f3nios familiares ao longo de gera\u00e7\u00f5es.<\/p><p data-start=\"1942\" data-end=\"2094\">Cada rela\u00e7\u00e3o \u00e9 <strong data-start=\"1964\" data-end=\"2004\">profundamente personalizada e confidencial<\/strong>, garantindo que cada recomenda\u00e7\u00e3o esteja alinhada com os objetivos estrat\u00e9gicos e de legado do cliente.<\/p>\t\t\t\t\t\t\t\t<\/div>\n\t\t\t\t<\/div>\n\t\t<div class=\"elementor-element elementor-element-2f79c51d e-con-full e-flex e-con e-child\" data-id=\"2f79c51d\" data-element_type=\"container\" data-e-type=\"container\">\n\t\t\t\t<div class=\"elementor-element elementor-element-380a8fd animated-slow elementor-invisible elementor-widget elementor-widget-qi_addons_for_elementor_cards_slider\" data-id=\"380a8fd\" data-element_type=\"widget\" data-e-type=\"widget\" data-settings=\"{&quot;_animation&quot;:&quot;fadeInRight&quot;}\" data-widget_type=\"qi_addons_for_elementor_cards_slider.default\">\n\t\t\t\t<div class=\"elementor-widget-container\">\n\t\t\t\t\t<div class=\"qodef-shortcode qodef-m qodef-qi-cards-slider qodef-orientation--one-side qodef-navigation--hover-move qodef-orientation--left\" data-orientation=\"left\" data-offset=\"24\">\n\t<div class=\"qodef-e-inner\">\n\t\t\t\t\t<div class=\"qodef-m-card\">\n\t\t\t\t<div class=\"qodef-m-bundle-item\">\n\t\t\t\t\t\t\t\t\t\t\t<img fetchpriority=\"high\" decoding=\"async\" src=\"https:\/\/joaoaso.com\/wp-content\/uploads\/2024\/06\/vogue-photoshoot-portrait-of-a-stylish-businesswom-copy-2-scaled-1-1-1000x1000.jpg\" alt=\"\" width=\"1000\" height=\"1000\" \/>\t\t\t\t\t\t\t\t\t<\/div>\n\t\t\t<\/div>\n\t\t\t\t\t<div class=\"qodef-m-card\">\n\t\t\t\t<div class=\"qodef-m-bundle-item\">\n\t\t\t\t\t\t\t\t\t\t\t<img decoding=\"async\" src=\"https:\/\/joaoaso.com\/wp-content\/uploads\/2024\/06\/vogue-photoshoot-portrait-of-a-stylish-businessman-2-scaled-1-1-1000x1000.jpg\" alt=\"\" width=\"1000\" height=\"1000\" \/>\t\t\t\t\t\t\t\t\t<\/div>\n\t\t\t<\/div>\n\t\t\t\t\t<div class=\"qodef-m-card\">\n\t\t\t\t<div class=\"qodef-m-bundle-item\">\n\t\t\t\t\t\t\t\t\t\t\t<img decoding=\"async\" src=\"https:\/\/joaoaso.com\/wp-content\/uploads\/2024\/06\/vogue-photoshoot-portrait-of-a-stylish-37-years-ol-1-scaled-1-1-1000x1000.jpg\" alt=\"\" width=\"1000\" height=\"1000\" \/>\t\t\t\t\t\t\t\t\t<\/div>\n\t\t\t<\/div>\n\t\t\t<\/div>\n\t<div class=\"qodef-m-fake-card\">\n\t\t<img decoding=\"async\" src=\"https:\/\/joaoaso.com\/wp-content\/uploads\/2024\/06\/vogue-photoshoot-portrait-of-a-stylish-37-years-ol-1-scaled-1-1-1000x1000.jpg\" alt=\"\" width=\"1000\" height=\"1000\" \/>\t<\/div>\n\t<div class=\"qodef-m-navigation\">\n\t\t<div class=\"qodef-nav qodef--prev\"><svg class=\"qodef-swiper-arrow-left\" xmlns=\"http:\/\/www.w3.org\/2000\/svg\" x=\"0px\" y=\"0px\" viewBox=\"0 0 34.2 32.3\" xml:space=\"preserve\" style=\"stroke-width: 2;\"><line x1=\"0.5\" y1=\"16\" x2=\"33.5\" y2=\"16\"\/><line x1=\"0.3\" y1=\"16.5\" x2=\"16.2\" y2=\"0.7\"\/><line x1=\"0\" y1=\"15.4\" x2=\"16.2\" y2=\"31.6\"\/><\/svg><\/div>\n\t\t<div class=\"qodef-nav qodef--next\"><svg class=\"qodef-swiper-arrow-right\" xmlns=\"http:\/\/www.w3.org\/2000\/svg\" x=\"0px\" y=\"0px\" viewBox=\"0 0 34.2 32.3\" xml:space=\"preserve\" style=\"stroke-width: 2;\"><line x1=\"0\" y1=\"16\" x2=\"33\" y2=\"16\"\/><line x1=\"17.3\" y1=\"0.7\" x2=\"33.2\" y2=\"16.5\"\/><line x1=\"17.3\" y1=\"31.6\" x2=\"33.5\" y2=\"15.4\"\/><\/svg><\/div>\n\t<\/div>\n<\/div>\n\t\t\t\t<\/div>\n\t\t\t\t<\/div>\n\t\t\t\t<\/div>\n\t\t\t\t<\/div>\n\t\t\t\t<section class=\"elementor-section elementor-top-section elementor-element elementor-element-6506eae6 elementor-section-boxed elementor-section-height-default elementor-section-height-default\" data-id=\"6506eae6\" data-element_type=\"section\" data-e-type=\"section\" data-settings=\"{&quot;background_background&quot;:&quot;classic&quot;}\">\n\t\t\t\t\t\t\t<div class=\"elementor-background-overlay\"><\/div>\n\t\t\t\t\t\t\t<div class=\"elementor-container elementor-column-gap-default\">\n\t\t\t\t\t<div class=\"elementor-column elementor-col-100 elementor-top-column elementor-element elementor-element-17203728 -bg-light\" data-id=\"17203728\" data-element_type=\"column\" data-e-type=\"column\">\n\t\t\t<div class=\"elementor-widget-wrap elementor-element-populated\">\n\t\t\t\t\t\t<section class=\"elementor-section elementor-inner-section elementor-element elementor-element-50711323 elementor-section-boxed elementor-section-height-default elementor-section-height-default\" data-id=\"50711323\" data-element_type=\"section\" data-e-type=\"section\">\n\t\t\t\t\t\t<div class=\"elementor-container elementor-column-gap-no\">\n\t\t\t\t\t<div class=\"elementor-column elementor-col-100 elementor-inner-column elementor-element elementor-element-ca21634\" data-id=\"ca21634\" data-element_type=\"column\" data-e-type=\"column\">\n\t\t\t<div class=\"elementor-widget-wrap elementor-element-populated\">\n\t\t\t\t\t\t<div class=\"elementor-element elementor-element-644f1f8d elementor-widget elementor-widget-heading\" data-id=\"644f1f8d\" data-element_type=\"widget\" data-e-type=\"widget\" data-widget_type=\"heading.default\">\n\t\t\t\t\t<h3 class=\"elementor-heading-title elementor-size-default\">\u2014 Colabora\u00e7\u00e3o<\/h3>\t\t\t\t<\/div>\n\t\t\t\t<div class=\"elementor-element elementor-element-105dc2b9 elementor-invisible elementor-widget elementor-widget-qi_addons_for_elementor_animated_text\" data-id=\"105dc2b9\" data-element_type=\"widget\" data-e-type=\"widget\" data-settings=\"{&quot;_animation&quot;:&quot;fadeIn&quot;}\" data-widget_type=\"qi_addons_for_elementor_animated_text.default\">\n\t\t\t\t<div class=\"elementor-widget-container\">\n\t\t\t\t\t<div class=\"qodef-shortcode qodef-m qodef-qi-animated-text qodef--animated-by-letter qodef-qi--has-appear qodef--appear-fade\" >\n\t\t<h1 class=\"qodef-m-title\">\n\t\t<span class=\"qodef-e-word-holder\">Desbloqueie<\/span> <span class=\"qodef-e-word-holder\">o<\/span> <span class=\"qodef-e-word-holder\">Sucesso<\/span> <span class=\"qodef-e-word-holder\">com<\/span> <span class=\"qodef-e-word-holder\">Consultoria<\/span> <span class=\"qodef-e-word-holder\">Especializada!<\/span>\t<\/h1>\n<\/div>\n\t\t\t\t<\/div>\n\t\t\t\t<\/div>\n\t\t\t\t<div class=\"elementor-element elementor-element-38dc6d9b elementor-widget elementor-widget-spacer\" data-id=\"38dc6d9b\" data-element_type=\"widget\" data-e-type=\"widget\" data-widget_type=\"spacer.default\">\n\t\t\t\t\t\t\t<div class=\"elementor-spacer\">\n\t\t\t<div class=\"elementor-spacer-inner\"><\/div>\n\t\t<\/div>\n\t\t\t\t\t\t<\/div>\n\t\t\t\t<div class=\"elementor-element elementor-element-24f145fc elementor-widget elementor-widget-heading\" data-id=\"24f145fc\" data-element_type=\"widget\" data-e-type=\"widget\" data-widget_type=\"heading.default\">\n\t\t\t\t\t<h3 class=\"elementor-heading-title elementor-size-default\">Cada envolvimento come\u00e7a com uma \u00fanica conversa privada. Sem formul\u00e1rios, sem processos, sem pitch \u2014 apenas clareza sobre a sua situa\u00e7\u00e3o e se sou a pessoa certa para ajudar. <\/h3>\t\t\t\t<\/div>\n\t\t\t\t<div class=\"elementor-element elementor-element-4ba3eef8 elementor-widget elementor-widget-qi_addons_for_elementor_button\" data-id=\"4ba3eef8\" data-element_type=\"widget\" data-e-type=\"widget\" data-widget_type=\"qi_addons_for_elementor_button.default\">\n\t\t\t\t<div class=\"elementor-widget-container\">\n\t\t\t\t\t<a class=\"qodef-shortcode qodef-m qodef-qi-button qodef-html--link qodef-layout--outlined qodef-type--standard qodef-size--large qodef-icon--right qodef-hover--icon-move-horizontal-short\" href=\"https:\/\/joaoaso.com\/pt-pt\/contacto\/\" target=\"_self\">\n\t<span class=\"qodef-m-text\">Vamos conversar<\/span>\n\t\t<span class=\"qodef-m-icon\">\n\t\t<span class=\"qodef-m-icon-inner\">\n\t\t\t\t\t\t\t\t<\/span>\n\t<\/span>\n<\/a>\n\t\t\t\t<\/div>\n\t\t\t\t<\/div>\n\t\t\t\t<div class=\"elementor-element elementor-element-11e0556e -text-faded elementor-widget elementor-widget-heading\" data-id=\"11e0556e\" data-element_type=\"widget\" data-e-type=\"widget\" data-widget_type=\"heading.default\">\n\t\t\t\t\t<h4 class=\"elementor-heading-title elementor-size-default\">Todas as quest\u00f5es s\u00e3o respondidas no prazo de 24 horas.<\/h4>\t\t\t\t<\/div>\n\t\t\t\t\t<\/div>\n\t\t<\/div>\n\t\t\t\t\t<\/div>\n\t\t<\/section>\n\t\t\t\t\t<\/div>\n\t\t<\/div>\n\t\t\t\t\t<\/div>\n\t\t<\/section>\n\t\t\t\t<\/div>\n\t\t","protected":false},"excerpt":{"rendered":"<p>Sobre Onde a Qualidade Toca o C\u00e9u Jo\u00e3o Oliveira \u2013 Private Advisor Aconselhamento Privado para L\u00edderes, Investidores e Fam\u00edlias de Elevado Patrim\u00f3nio. Jo\u00e3o Oliveira presta Private &amp; Strategic Advisory a empreendedores, investidores e fam\u00edlias de elevado patrim\u00f3nio. Com experi\u00eancia internacional em gest\u00e3o, investimento e aconselhamento privado, apoia os clientes na tomada de decis\u00f5es cr\u00edticas, na prote\u00e7\u00e3o do patrim\u00f3nio e na constru\u00e7\u00e3o de legados duradouros. A&#8230; <\/p>\n<p class=\"more\"><a class=\"more-link\" href=\"https:\/\/joaoaso.com\/pt-pt\/sobre\/\">Read More<\/a><\/p>\n","protected":false},"author":1,"featured_media":0,"parent":0,"menu_order":0,"comment_status":"closed","ping_status":"closed","template":"elementor_header_footer","meta":{"inline_featured_image":false,"slim_seo":{"title":"Sobre - Jo\u00e3o Oliveira","description":"Sobre Onde a Qualidade Toca o C\u00e9u Jo\u00e3o Oliveira \u2013 Private Advisor Aconselhamento Privado para L\u00edderes, Investidores e Fam\u00edlias de Elevado Patrim\u00f3nio. Jo\u00e3o Olive"},"footnotes":""},"class_list":["post-2918","page","type-page","status-publish","hentry","is-cat-link-borders-light is-cat-link-rounded"],"_links":{"self":[{"href":"https:\/\/joaoaso.com\/pt-pt\/wp-json\/wp\/v2\/pages\/2918","targetHints":{"allow":["GET"]}}],"collection":[{"href":"https:\/\/joaoaso.com\/pt-pt\/wp-json\/wp\/v2\/pages"}],"about":[{"href":"https:\/\/joaoaso.com\/pt-pt\/wp-json\/wp\/v2\/types\/page"}],"author":[{"embeddable":true,"href":"https:\/\/joaoaso.com\/pt-pt\/wp-json\/wp\/v2\/users\/1"}],"replies":[{"embeddable":true,"href":"https:\/\/joaoaso.com\/pt-pt\/wp-json\/wp\/v2\/comments?post=2918"}],"version-history":[{"count":3,"href":"https:\/\/joaoaso.com\/pt-pt\/wp-json\/wp\/v2\/pages\/2918\/revisions"}],"predecessor-version":[{"id":2957,"href":"https:\/\/joaoaso.com\/pt-pt\/wp-json\/wp\/v2\/pages\/2918\/revisions\/2957"}],"wp:attachment":[{"href":"https:\/\/joaoaso.com\/pt-pt\/wp-json\/wp\/v2\/media?parent=2918"}],"curies":[{"name":"wp","href":"https:\/\/api.w.org\/{rel}","templated":true}]}}